{"id":6,"date":"2021-02-02T15:32:58","date_gmt":"2021-02-02T14:32:58","guid":{"rendered":"http:\/\/www.rbinformatique.fr\/br18986-ovh\/?page_id=6"},"modified":"2022-11-04T20:41:16","modified_gmt":"2022-11-04T19:41:16","slug":"le-nouveau-e-mucem-ouvre-ses-portes-2","status":"publish","type":"page","link":"https:\/\/www.rbinformatique.fr\/","title":{"rendered":"RB informatique"},"content":{"rendered":"\n<div class=\"is-layout-flow wp-block-group alignwide\"><div class=\"wp-block-group__inner-container\">\n<p><\/p>\n\n\n\n<figure class=\"wp-block-image size-large\"><img decoding=\"async\" loading=\"lazy\" width=\"1024\" height=\"251\" src=\"http:\/\/www.rbinformatique.fr\/br18986-ovh\/wp-content\/uploads\/2022\/11\/Logo_dolibarr-1024x251.jpg\" alt=\"\" class=\"wp-image-53\" srcset=\"https:\/\/www.rbinformatique.fr\/br18986-ovh\/wp-content\/uploads\/2022\/11\/Logo_dolibarr-1024x251.jpg 1024w, https:\/\/www.rbinformatique.fr\/br18986-ovh\/wp-content\/uploads\/2022\/11\/Logo_dolibarr-300x73.jpg 300w, https:\/\/www.rbinformatique.fr\/br18986-ovh\/wp-content\/uploads\/2022\/11\/Logo_dolibarr-768x188.jpg 768w, https:\/\/www.rbinformatique.fr\/br18986-ovh\/wp-content\/uploads\/2022\/11\/Logo_dolibarr.jpg 1054w\" sizes=\"(max-width: 1024px) 100vw, 1024px\" \/><\/figure>\n\n\n\n<h2 class=\"has-text-align-center\">C&rsquo;est plus de 20 ans d&rsquo;exp\u00e9rience dans la r\u00e9paration, le conseil et le d\u00e9pannage informatique pour les particuliers et les entreprises<\/h2>\n\n\n\n<p class=\"has-huge-font-size\">Tel 06 27 95 34 93<br>contact@rbinformatique.fr<br>8, route des Clairoux<br>35580 BAULON<br><\/p>\n<\/div><\/div>\n","protected":false},"excerpt":{"rendered":"<p>C&rsquo;est plus de 20 ans d&rsquo;exp\u00e9rience dans la r\u00e9paration, le conseil et le d\u00e9pannage informatique pour les particuliers et les entreprises Tel 06 27 95 34 93contact@rbinformatique.fr8, route des Clairoux35580 BAULON<\/p>\n","protected":false},"author":1,"featured_media":5,"parent":0,"menu_order":0,"comment_status":"closed","ping_status":"closed","template":"","meta":[],"_links":{"self":[{"href":"https:\/\/www.rbinformatique.fr\/index.php?rest_route=\/wp\/v2\/pages\/6"}],"collection":[{"href":"https:\/\/www.rbinformatique.fr\/index.php?rest_route=\/wp\/v2\/pages"}],"about":[{"href":"https:\/\/www.rbinformatique.fr\/index.php?rest_route=\/wp\/v2\/types\/page"}],"author":[{"embeddable":true,"href":"https:\/\/www.rbinformatique.fr\/index.php?rest_route=\/wp\/v2\/users\/1"}],"replies":[{"embeddable":true,"href":"https:\/\/www.rbinformatique.fr\/index.php?rest_route=%2Fwp%2Fv2%2Fcomments&post=6"}],"version-history":[{"count":7,"href":"https:\/\/www.rbinformatique.fr\/index.php?rest_route=\/wp\/v2\/pages\/6\/revisions"}],"predecessor-version":[{"id":60,"href":"https:\/\/www.rbinformatique.fr\/index.php?rest_route=\/wp\/v2\/pages\/6\/revisions\/60"}],"wp:featuredmedia":[{"embeddable":true,"href":"https:\/\/www.rbinformatique.fr\/index.php?rest_route=\/wp\/v2\/media\/5"}],"wp:attachment":[{"href":"https:\/\/www.rbinformatique.fr\/index.php?rest_route=%2Fwp%2Fv2%2Fmedia&parent=6"}],"curies":[{"name":"wp","href":"https:\/\/api.w.org\/{rel}","templated":true}]}}